{"id":1400,"date":"2022-07-05T09:37:29","date_gmt":"2022-07-05T07:37:29","guid":{"rendered":"https:\/\/sites-le-corbusier.org\/websites-links\/"},"modified":"2022-07-05T09:37:32","modified_gmt":"2022-07-05T07:37:32","slug":"websites-links","status":"publish","type":"page","link":"https:\/\/sites-le-corbusier.org\/en\/websites-links\/","title":{"rendered":"Websites links"},"content":{"rendered":"\n<ul class=\"wp-block-list\"><li><strong><a rel=\"noreferrer noopener\" href=\"http:\/\/www.fondationlecorbusier.fr\/corbuweb\/morpheus.aspx?sysName=home&amp;sysLanguage=fr-fr&amp;sysInfos=1\" target=\"_blank\">Fondation Le Corbusier<\/a>\u00a0<\/strong><br\/><br\/><\/li><li><strong><a rel=\"noreferrer noopener\" href=\"https:\/\/lecorbusier-worldheritage.org\/\" target=\"_blank\">Site d\u00e9di\u00e9 \u00e0 la s\u00e9rie Le Corbusier inscrite<\/a> <\/strong><br\/><br\/><\/li><li><strong><a rel=\"noreferrer noopener\" href=\"https:\/\/whc.unesco.org\/fr\/list\/1321\/\" target=\"_blank\">UNESCO<\/a>\u00a0<\/strong><br\/><br\/><\/li><li><strong><a href=\"https:\/\/www.coe.int\/fr\/web\/cultural-routes\/le-corbusier-destinations-architectural-promenades\" target=\"_blank\" rel=\"noreferrer noopener\">Itin\u00e9raire culturel du Conseil de l\u2019Europe<\/a>\u00a0<\/strong><br\/><br\/><\/li><\/ul>","protected":false},"excerpt":{"rendered":"<p>Fondation Le Corbusier\u00a0 Site d\u00e9di\u00e9 \u00e0 la s\u00e9rie Le Corbusier inscrite UNESCO\u00a0 Itin\u00e9raire culturel du Conseil de l\u2019Europe\u00a0<\/p>\n","protected":false},"author":1,"featured_media":0,"parent":0,"menu_order":0,"comment_status":"closed","ping_status":"closed","template":"","meta":{"_acf_changed":false,"footnotes":""},"class_list":["post-1400","page","type-page","status-publish","hentry"],"acf":[],"yoast_head":"<!-- This site is optimized with the Yoast SEO plugin v25.7 - https:\/\/yoast.com\/wordpress\/plugins\/seo\/ -->\n<title>Websites links - Le Corbusier<\/title>\n<meta name=\"robots\" content=\"index, follow, max-snippet:-1, max-image-preview:large, max-video-preview:-1\" \/>\n<link rel=\"canonical\" href=\"https:\/\/sites-le-corbusier.org\/en\/websites-links\/\" \/>\n<meta property=\"og:locale\" content=\"en_US\" \/>\n<meta property=\"og:type\" content=\"article\" \/>\n<meta property=\"og:title\" content=\"Websites links - Le Corbusier\" \/>\n<meta property=\"og:description\" content=\"Fondation Le Corbusier\u00a0 Site d\u00e9di\u00e9 \u00e0 la s\u00e9rie Le Corbusier inscrite UNESCO\u00a0 Itin\u00e9raire culturel du Conseil de l\u2019Europe\u00a0\" \/>\n<meta property=\"og:url\" content=\"https:\/\/sites-le-corbusier.org\/en\/websites-links\/\" \/>\n<meta property=\"og:site_name\" content=\"Le Corbusier\" \/>\n<meta property=\"article:modified_time\" content=\"2022-07-05T07:37:32+00:00\" \/>\n<meta name=\"twitter:card\" content=\"summary_large_image\" \/>\n<script type=\"application\/ld+json\" class=\"yoast-schema-graph\">{\"@context\":\"https:\/\/schema.org\",\"@graph\":[{\"@type\":\"WebPage\",\"@id\":\"https:\/\/sites-le-corbusier.org\/en\/websites-links\/\",\"url\":\"https:\/\/sites-le-corbusier.org\/en\/websites-links\/\",\"name\":\"Websites links - Le Corbusier\",\"isPartOf\":{\"@id\":\"https:\/\/sites-le-corbusier.org\/#website\"},\"datePublished\":\"2022-07-05T07:37:29+00:00\",\"dateModified\":\"2022-07-05T07:37:32+00:00\",\"breadcrumb\":{\"@id\":\"https:\/\/sites-le-corbusier.org\/en\/websites-links\/#breadcrumb\"},\"inLanguage\":\"en-US\",\"potentialAction\":[{\"@type\":\"ReadAction\",\"target\":[\"https:\/\/sites-le-corbusier.org\/en\/websites-links\/\"]}]},{\"@type\":\"BreadcrumbList\",\"@id\":\"https:\/\/sites-le-corbusier.org\/en\/websites-links\/#breadcrumb\",\"itemListElement\":[{\"@type\":\"ListItem\",\"position\":1,\"name\":\"Accueil\",\"item\":\"https:\/\/sites-le-corbusier.org\/en\/\"},{\"@type\":\"ListItem\",\"position\":2,\"name\":\"Websites links\"}]},{\"@type\":\"WebSite\",\"@id\":\"https:\/\/sites-le-corbusier.org\/#website\",\"url\":\"https:\/\/sites-le-corbusier.org\/\",\"name\":\"Le Corbusier\",\"description\":\"Un site utilisant WordPress\",\"publisher\":{\"@id\":\"https:\/\/sites-le-corbusier.org\/#organization\"},\"potentialAction\":[{\"@type\":\"SearchAction\",\"target\":{\"@type\":\"EntryPoint\",\"urlTemplate\":\"https:\/\/sites-le-corbusier.org\/?s={search_term_string}\"},\"query-input\":{\"@type\":\"PropertyValueSpecification\",\"valueRequired\":true,\"valueName\":\"search_term_string\"}}],\"inLanguage\":\"en-US\"},{\"@type\":\"Organization\",\"@id\":\"https:\/\/sites-le-corbusier.org\/#organization\",\"name\":\"Le Corbusier\",\"url\":\"https:\/\/sites-le-corbusier.org\/\",\"logo\":{\"@type\":\"ImageObject\",\"inLanguage\":\"en-US\",\"@id\":\"https:\/\/sites-le-corbusier.org\/#\/schema\/logo\/image\/\",\"url\":\"https:\/\/sites-le-corbusier.org\/wp-content\/uploads\/2022\/06\/menu-logo.svg\",\"contentUrl\":\"https:\/\/sites-le-corbusier.org\/wp-content\/uploads\/2022\/06\/menu-logo.svg\",\"caption\":\"Le Corbusier\"},\"image\":{\"@id\":\"https:\/\/sites-le-corbusier.org\/#\/schema\/logo\/image\/\"}}]}<\/script>\n<!-- \/ Yoast SEO plugin. -->","yoast_head_json":{"title":"Websites links - Le Corbusier","robots":{"index":"index","follow":"follow","max-snippet":"max-snippet:-1","max-image-preview":"max-image-preview:large","max-video-preview":"max-video-preview:-1"},"canonical":"https:\/\/sites-le-corbusier.org\/en\/websites-links\/","og_locale":"en_US","og_type":"article","og_title":"Websites links - Le Corbusier","og_description":"Fondation Le Corbusier\u00a0 Site d\u00e9di\u00e9 \u00e0 la s\u00e9rie Le Corbusier inscrite UNESCO\u00a0 Itin\u00e9raire culturel du Conseil de l\u2019Europe\u00a0","og_url":"https:\/\/sites-le-corbusier.org\/en\/websites-links\/","og_site_name":"Le Corbusier","article_modified_time":"2022-07-05T07:37:32+00:00","twitter_card":"summary_large_image","schema":{"@context":"https:\/\/schema.org","@graph":[{"@type":"WebPage","@id":"https:\/\/sites-le-corbusier.org\/en\/websites-links\/","url":"https:\/\/sites-le-corbusier.org\/en\/websites-links\/","name":"Websites links - Le Corbusier","isPartOf":{"@id":"https:\/\/sites-le-corbusier.org\/#website"},"datePublished":"2022-07-05T07:37:29+00:00","dateModified":"2022-07-05T07:37:32+00:00","breadcrumb":{"@id":"https:\/\/sites-le-corbusier.org\/en\/websites-links\/#breadcrumb"},"inLanguage":"en-US","potentialAction":[{"@type":"ReadAction","target":["https:\/\/sites-le-corbusier.org\/en\/websites-links\/"]}]},{"@type":"BreadcrumbList","@id":"https:\/\/sites-le-corbusier.org\/en\/websites-links\/#breadcrumb","itemListElement":[{"@type":"ListItem","position":1,"name":"Accueil","item":"https:\/\/sites-le-corbusier.org\/en\/"},{"@type":"ListItem","position":2,"name":"Websites links"}]},{"@type":"WebSite","@id":"https:\/\/sites-le-corbusier.org\/#website","url":"https:\/\/sites-le-corbusier.org\/","name":"Le Corbusier","description":"Un site utilisant WordPress","publisher":{"@id":"https:\/\/sites-le-corbusier.org\/#organization"},"potentialAction":[{"@type":"SearchAction","target":{"@type":"EntryPoint","urlTemplate":"https:\/\/sites-le-corbusier.org\/?s={search_term_string}"},"query-input":{"@type":"PropertyValueSpecification","valueRequired":true,"valueName":"search_term_string"}}],"inLanguage":"en-US"},{"@type":"Organization","@id":"https:\/\/sites-le-corbusier.org\/#organization","name":"Le Corbusier","url":"https:\/\/sites-le-corbusier.org\/","logo":{"@type":"ImageObject","inLanguage":"en-US","@id":"https:\/\/sites-le-corbusier.org\/#\/schema\/logo\/image\/","url":"https:\/\/sites-le-corbusier.org\/wp-content\/uploads\/2022\/06\/menu-logo.svg","contentUrl":"https:\/\/sites-le-corbusier.org\/wp-content\/uploads\/2022\/06\/menu-logo.svg","caption":"Le Corbusier"},"image":{"@id":"https:\/\/sites-le-corbusier.org\/#\/schema\/logo\/image\/"}}]}},"_links":{"self":[{"href":"https:\/\/sites-le-corbusier.org\/en\/wp-json\/wp\/v2\/pages\/1400","targetHints":{"allow":["GET"]}}],"collection":[{"href":"https:\/\/sites-le-corbusier.org\/en\/wp-json\/wp\/v2\/pages"}],"about":[{"href":"https:\/\/sites-le-corbusier.org\/en\/wp-json\/wp\/v2\/types\/page"}],"author":[{"embeddable":true,"href":"https:\/\/sites-le-corbusier.org\/en\/wp-json\/wp\/v2\/users\/1"}],"replies":[{"embeddable":true,"href":"https:\/\/sites-le-corbusier.org\/en\/wp-json\/wp\/v2\/comments?post=1400"}],"version-history":[{"count":3,"href":"https:\/\/sites-le-corbusier.org\/en\/wp-json\/wp\/v2\/pages\/1400\/revisions"}],"predecessor-version":[{"id":1403,"href":"https:\/\/sites-le-corbusier.org\/en\/wp-json\/wp\/v2\/pages\/1400\/revisions\/1403"}],"wp:attachment":[{"href":"https:\/\/sites-le-corbusier.org\/en\/wp-json\/wp\/v2\/media?parent=1400"}],"curies":[{"name":"wp","href":"https:\/\/api.w.org\/{rel}","templated":true}]}}